{"id":24,"date":"2024-11-14T14:49:11","date_gmt":"2024-11-14T11:49:11","guid":{"rendered":"https:\/\/akupunktioalfa.fi\/?page_id=24"},"modified":"2025-10-29T22:48:31","modified_gmt":"2025-10-29T19:48:31","slug":"etusivu","status":"publish","type":"page","link":"https:\/\/akupunktioalfa.fi\/","title":{"rendered":"Etusivu"},"content":{"rendered":"\t\t<div data-elementor-type=\"wp-page\" data-elementor-id=\"24\" class=\"elementor elementor-24\" data-elementor-post-type=\"page\">\n\t\t\t\t<div class=\"elementor-element elementor-element-0e58fb5 e-flex e-con-boxed e-con e-parent\" data-id=\"0e58fb5\" data-element_type=\"container\" data-e-type=\"container\" data-settings=\"{&quot;shape_divider_top&quot;:&quot;mountains&quot;}\">\n\t\t\t\t\t<div class=\"e-con-inner\">\n\t\t\t\t<div class=\"elementor-shape elementor-shape-top\" aria-hidden=\"true\" data-negative=\"false\">\n\t\t\t<svg xmlns=\"http:\/\/www.w3.org\/2000\/svg\" viewBox=\"0 0 1000 100\" preserveAspectRatio=\"none\">\n\t<path class=\"elementor-shape-fill\" opacity=\"0.33\" d=\"M473,67.3c-203.9,88.3-263.1-34-320.3,0C66,119.1,0,59.7,0,59.7V0h1000v59.7 c0,0-62.1,26.1-94.9,29.3c-32.8,3.3-62.8-12.3-75.8-22.1C806,49.6,745.3,8.7,694.9,4.7S492.4,59,473,67.3z\"\/>\n\t<path class=\"elementor-shape-fill\" opacity=\"0.66\" d=\"M734,67.3c-45.5,0-77.2-23.2-129.1-39.1c-28.6-8.7-150.3-10.1-254,39.1 s-91.7-34.4-149.2,0C115.7,118.3,0,39.8,0,39.8V0h1000v36.5c0,0-28.2-18.5-92.1-18.5C810.2,18.1,775.7,67.3,734,67.3z\"\/>\n\t<path class=\"elementor-shape-fill\" d=\"M766.1,28.9c-200-57.5-266,65.5-395.1,19.5C242,1.8,242,5.4,184.8,20.6C128,35.8,132.3,44.9,89.9,52.5C28.6,63.7,0,0,0,0 h1000c0,0-9.9,40.9-83.6,48.1S829.6,47,766.1,28.9z\"\/>\n<\/svg>\t\t<\/div>\n\t\t\t\t<div class=\"elementor-element elementor-element-29c98cc elementor-hidden-mobile elementor-widget elementor-widget-spacer\" data-id=\"29c98cc\" data-element_type=\"widget\" data-e-type=\"widget\" data-widget_type=\"spacer.default\">\n\t\t\t\t<div class=\"elementor-widget-container\">\n\t\t\t\t\t\t\t<div class=\"elementor-spacer\">\n\t\t\t<div class=\"elementor-spacer-inner\"><\/div>\n\t\t<\/div>\n\t\t\t\t\t\t<\/div>\n\t\t\t\t<\/div>\n\t\t\t\t\t<\/div>\n\t\t\t\t<\/div>\n\t\t<div class=\"elementor-element elementor-element-f7368a7 e-flex e-con-boxed e-con e-parent\" data-id=\"f7368a7\" data-element_type=\"container\" data-e-type=\"container\">\n\t\t\t\t\t<div class=\"e-con-inner\">\n\t\t<div class=\"elementor-element elementor-element-1e9cfd5 e-con-full e-flex e-con e-child\" data-id=\"1e9cfd5\" data-element_type=\"container\" data-e-type=\"container\">\n\t\t\t\t<div class=\"elementor-element elementor-element-f635355 elementor-hidden-desktop elementor-hidden-tablet elementor-widget-mobile__width-inherit elementor-widget elementor-widget-image\" data-id=\"f635355\" data-element_type=\"widget\" data-e-type=\"widget\" data-widget_type=\"image.default\">\n\t\t\t\t<div class=\"elementor-widget-container\">\n\t\t\t\t\t\t\t\t\t\t\t\t\t\t\t<img fetchpriority=\"high\" decoding=\"async\" width=\"1753\" height=\"1366\" src=\"https:\/\/akupunktioalfa.fi\/wp-content\/uploads\/2025\/02\/Laiturilla_cropped_1_3.jpg\" class=\"attachment-full size-full wp-image-532\" alt=\"\" srcset=\"https:\/\/akupunktioalfa.fi\/wp-content\/uploads\/2025\/02\/Laiturilla_cropped_1_3.jpg 1753w, https:\/\/akupunktioalfa.fi\/wp-content\/uploads\/2025\/02\/Laiturilla_cropped_1_3-300x234.jpg 300w, https:\/\/akupunktioalfa.fi\/wp-content\/uploads\/2025\/02\/Laiturilla_cropped_1_3-1024x798.jpg 1024w, https:\/\/akupunktioalfa.fi\/wp-content\/uploads\/2025\/02\/Laiturilla_cropped_1_3-768x598.jpg 768w, https:\/\/akupunktioalfa.fi\/wp-content\/uploads\/2025\/02\/Laiturilla_cropped_1_3-1536x1197.jpg 1536w\" sizes=\"(max-width: 1753px) 100vw, 1753px\" \/>\t\t\t\t\t\t\t\t\t\t\t\t\t\t\t<\/div>\n\t\t\t\t<\/div>\n\t\t\t\t<div class=\"elementor-element elementor-element-fd575b8 elementor-widget elementor-widget-text-editor\" data-id=\"fd575b8\" data-element_type=\"widget\" data-e-type=\"widget\" data-widget_type=\"text-editor.default\">\n\t\t\t\t<div class=\"elementor-widget-container\">\n\t\t\t\t\t\t\t\t\t<p>Hei, olen Sirkku.<br \/>Tarjoan sinulle kiinalaisen l\u00e4\u00e4ketieteen hoitomuotoina akupunktiota, manuaalista k\u00e4sittely\u00e4 mm. akupainantaa, hierontaa ja refleksologiaa, kuivakuppausta, guashaa, tulineula- ja moxibustiohoitoja sek\u00e4 kiinalaisen l\u00e4\u00e4ketieteen mukaista ravinto- ja el\u00e4m\u00e4ntapaneuvontaa. Olen kouluttautunut lis\u00e4ksi motorisen akupunktion k\u00e4ytt\u00f6\u00f6n ja kosmeettiseen akupunktioon.<\/p><p>Akupunktiota k\u00e4ytet\u00e4\u00e4n esimerkiksi ruuansulatuksen ongelmiin, unettomuuteen, v\u00e4symykseen, uupumukseen, erilaisiin p\u00e4\u00e4ns\u00e4rkyihin sek\u00e4 tuki- ja liikuntaelinten kiputiloihin sek\u00e4 erilaisiin naistenvaivoihin kuten kuukautisvaivoihin, vaihdevuosioireisiin ja hedelm\u00e4tt\u00f6myyteen.<\/p><p>Voit saapua vastaanotolleni my\u00f6s muunlaisten vaivojen ja oireiden kanssa, olet aina tervetullut juuri sellaisena kuin olet. Ensimm\u00e4isell\u00e4 k\u00e4yntikerralla teemme henkil\u00f6kohtaisen hoitosuunnitelman juuri sinulle oman tilanteesi huomioiden. Hoidan vastaanotollani kaikenik\u00e4isi\u00e4 asiakkaita vauvasta ik\u00e4\u00e4ntyneisiin.<br \/>L\u00e4\u00e4k\u00e4rin hoidossa olevien sairauksien ja l\u00e4\u00e4kityksen osalta t\u00e4ytyy aina noudattaa hoitavan l\u00e4\u00e4k\u00e4rin antamia ohjeita ja k\u00e4ytt\u00e4\u00e4 h\u00e4nen m\u00e4\u00e4r\u00e4\u00e4m\u00e4\u00e4ns\u00e4 l\u00e4\u00e4kityst\u00e4.<\/p><p>Akupunktio sopii useimmille hyvin ja sit\u00e4 voidaan k\u00e4ytt\u00e4\u00e4 turvallisesti l\u00e4\u00e4kehoidon rinnalla.<br \/>Akupunktio voi toimia t\u00e4ll\u00f6in hyv\u00e4n\u00e4 tukihoitona sairaudelle.<\/p><p>Tavallisia syit\u00e4 hakeutua vastaanotolle ovat:<br \/>\u2022 stressi, yleinen uupumus ja energian puute<br \/>\u2022 unettomuus<br \/>\u2022 masennus, ahdistus<br \/>\u2022 ruoansulatusongelmat, vatsan ja suoliston ongelmat<br \/>\u2022 erilaiset naistenvaivat, kuukautiskivut, vaihdevuosioireet ja hedelm\u00e4tt\u00f6myys<br \/>\u2022 j\u00e4nnitys- ja kiputilat, akuutit ja krooniset kivut esim. tenniskyyn\u00e4rp\u00e4\u00e4, j\u00e4\u00e4tynyt olkap\u00e4\u00e4,<br \/>polvikivut tai erilaiset selk\u00e4s\u00e4ryt<br \/>\u2022 migreeni ja p\u00e4\u00e4ns\u00e4ryt<br \/>\u2022 purentaelimist\u00f6n kiputilat ja toimintah\u00e4iri\u00f6t (TMD)<\/p>\t\t\t\t\t\t\t\t<\/div>\n\t\t\t\t<\/div>\n\t\t\t\t<\/div>\n\t\t<div class=\"elementor-element elementor-element-2e3ee78 e-con-full elementor-hidden-mobile e-flex e-con e-child\" data-id=\"2e3ee78\" data-element_type=\"container\" data-e-type=\"container\">\n\t\t\t\t<div class=\"elementor-element elementor-element-f279f1d elementor-hidden-mobile elementor-widget elementor-widget-image\" data-id=\"f279f1d\" data-element_type=\"widget\" data-e-type=\"widget\" data-widget_type=\"image.default\">\n\t\t\t\t<div class=\"elementor-widget-container\">\n\t\t\t\t\t\t\t\t\t\t\t\t\t\t\t<img decoding=\"async\" width=\"800\" height=\"800\" src=\"https:\/\/akupunktioalfa.fi\/wp-content\/uploads\/2025\/02\/Laiturilla_square-1024x1024.jpg\" class=\"attachment-large size-large wp-image-736\" alt=\"\" srcset=\"https:\/\/akupunktioalfa.fi\/wp-content\/uploads\/2025\/02\/Laiturilla_square-1024x1024.jpg 1024w, https:\/\/akupunktioalfa.fi\/wp-content\/uploads\/2025\/02\/Laiturilla_square-300x300.jpg 300w, https:\/\/akupunktioalfa.fi\/wp-content\/uploads\/2025\/02\/Laiturilla_square-150x150.jpg 150w, https:\/\/akupunktioalfa.fi\/wp-content\/uploads\/2025\/02\/Laiturilla_square-768x768.jpg 768w, https:\/\/akupunktioalfa.fi\/wp-content\/uploads\/2025\/02\/Laiturilla_square-1536x1536.jpg 1536w, https:\/\/akupunktioalfa.fi\/wp-content\/uploads\/2025\/02\/Laiturilla_square.jpg 1753w\" sizes=\"(max-width: 800px) 100vw, 800px\" \/>\t\t\t\t\t\t\t\t\t\t\t\t\t\t\t<\/div>\n\t\t\t\t<\/div>\n\t\t\t\t<\/div>\n\t\t\t\t\t<\/div>\n\t\t\t\t<\/div>\n\t\t<div class=\"elementor-element elementor-element-372ee0b elementor-hidden-mobile e-flex e-con-boxed e-con e-parent\" data-id=\"372ee0b\" data-element_type=\"container\" data-e-type=\"container\">\n\t\t\t\t\t<div class=\"e-con-inner\">\n\t\t\t\t<div class=\"elementor-element elementor-element-5198998 elementor-widget elementor-widget-spacer\" data-id=\"5198998\" data-element_type=\"widget\" data-e-type=\"widget\" data-widget_type=\"spacer.default\">\n\t\t\t\t<div class=\"elementor-widget-container\">\n\t\t\t\t\t\t\t<div class=\"elementor-spacer\">\n\t\t\t<div class=\"elementor-spacer-inner\"><\/div>\n\t\t<\/div>\n\t\t\t\t\t\t<\/div>\n\t\t\t\t<\/div>\n\t\t\t\t\t<\/div>\n\t\t\t\t<\/div>\n\t\t<div class=\"elementor-element elementor-element-3c82789 elementor-hidden-mobile e-flex e-con-boxed e-con e-parent\" data-id=\"3c82789\" data-element_type=\"container\" data-e-type=\"container\" data-settings=\"{&quot;shape_divider_top&quot;:&quot;mountains&quot;}\">\n\t\t\t\t\t<div class=\"e-con-inner\">\n\t\t\t\t<div class=\"elementor-shape elementor-shape-top\" aria-hidden=\"true\" data-negative=\"false\">\n\t\t\t<svg xmlns=\"http:\/\/www.w3.org\/2000\/svg\" viewBox=\"0 0 1000 100\" preserveAspectRatio=\"none\">\n\t<path class=\"elementor-shape-fill\" opacity=\"0.33\" d=\"M473,67.3c-203.9,88.3-263.1-34-320.3,0C66,119.1,0,59.7,0,59.7V0h1000v59.7 c0,0-62.1,26.1-94.9,29.3c-32.8,3.3-62.8-12.3-75.8-22.1C806,49.6,745.3,8.7,694.9,4.7S492.4,59,473,67.3z\"\/>\n\t<path class=\"elementor-shape-fill\" opacity=\"0.66\" d=\"M734,67.3c-45.5,0-77.2-23.2-129.1-39.1c-28.6-8.7-150.3-10.1-254,39.1 s-91.7-34.4-149.2,0C115.7,118.3,0,39.8,0,39.8V0h1000v36.5c0,0-28.2-18.5-92.1-18.5C810.2,18.1,775.7,67.3,734,67.3z\"\/>\n\t<path class=\"elementor-shape-fill\" d=\"M766.1,28.9c-200-57.5-266,65.5-395.1,19.5C242,1.8,242,5.4,184.8,20.6C128,35.8,132.3,44.9,89.9,52.5C28.6,63.7,0,0,0,0 h1000c0,0-9.9,40.9-83.6,48.1S829.6,47,766.1,28.9z\"\/>\n<\/svg>\t\t<\/div>\n\t\t\t\t<div class=\"elementor-element elementor-element-3cd0da8 elementor-widget elementor-widget-spacer\" data-id=\"3cd0da8\" data-element_type=\"widget\" data-e-type=\"widget\" data-widget_type=\"spacer.default\">\n\t\t\t\t<div class=\"elementor-widget-container\">\n\t\t\t\t\t\t\t<div class=\"elementor-spacer\">\n\t\t\t<div class=\"elementor-spacer-inner\"><\/div>\n\t\t<\/div>\n\t\t\t\t\t\t<\/div>\n\t\t\t\t<\/div>\n\t\t\t\t\t<\/div>\n\t\t\t\t<\/div>\n\t\t<div class=\"elementor-element elementor-element-101fd62 e-flex e-con-boxed e-con e-parent\" data-id=\"101fd62\" data-element_type=\"container\" data-e-type=\"container\">\n\t\t\t\t\t<div class=\"e-con-inner\">\n\t\t\t\t<div class=\"elementor-element elementor-element-1225bfb elementor-widget__width-auto elementor-mobile-align-center elementor-align-center elementor-hidden-desktop elementor-hidden-tablet elementor-widget elementor-widget-button\" data-id=\"1225bfb\" data-element_type=\"widget\" data-e-type=\"widget\" data-widget_type=\"button.default\">\n\t\t\t\t<div class=\"elementor-widget-container\">\n\t\t\t\t\t\t\t\t\t<div class=\"elementor-button-wrapper\">\n\t\t\t\t\t<a class=\"elementor-button elementor-button-link elementor-size-sm\" href=\"https:\/\/pro.vello.fi\/akupunktio-alfa\/service-category\">\n\t\t\t\t\t\t<span class=\"elementor-button-content-wrapper\">\n\t\t\t\t\t\t\t\t\t<span class=\"elementor-button-text\">VARAA AIKA<\/span>\n\t\t\t\t\t<\/span>\n\t\t\t\t\t<\/a>\n\t\t\t\t<\/div>\n\t\t\t\t\t\t\t\t<\/div>\n\t\t\t\t<\/div>\n\t\t\t\t\t<\/div>\n\t\t\t\t<\/div>\n\t\t\t\t<\/div>\n\t\t","protected":false},"excerpt":{"rendered":"<p>Hei, olen Sirkku.Tarjoan sinulle kiinalaisen l\u00e4\u00e4ketieteen hoitomuotoina akupunktiota, manuaalista k\u00e4sittely\u00e4 mm. akupainantaa, hierontaa ja refleksologiaa, kuivakuppausta, guashaa, tulineula- ja moxibustiohoitoja sek\u00e4 kiinalaisen l\u00e4\u00e4ketieteen mukaista ravinto- ja el\u00e4m\u00e4ntapaneuvontaa. Olen kouluttautunut lis\u00e4ksi motorisen akupunktion k\u00e4ytt\u00f6\u00f6n ja kosmeettiseen akupunktioon. Akupunktiota k\u00e4ytet\u00e4\u00e4n esimerkiksi ruuansulatuksen ongelmiin, unettomuuteen, v\u00e4symykseen, uupumukseen, erilaisiin p\u00e4\u00e4ns\u00e4rkyihin sek\u00e4 tuki- ja liikuntaelinten kiputiloihin sek\u00e4 erilaisiin naistenvaivoihin kuten [&hellip;]<\/p>\n","protected":false},"author":1,"featured_media":0,"parent":0,"menu_order":0,"comment_status":"closed","ping_status":"closed","template":"","meta":{"footnotes":""},"class_list":["post-24","page","type-page","status-publish","hentry"],"yoast_head":"<!-- This site is optimized with the Yoast SEO plugin v26.2 - https:\/\/yoast.com\/wordpress\/plugins\/seo\/ -->\n<title>Etusivu - Akupunktio Alfa<\/title>\n<meta name=\"robots\" content=\"index, follow, max-snippet:-1, max-image-preview:large, max-video-preview:-1\" \/>\n<link rel=\"canonical\" href=\"https:\/\/akupunktioalfa.fi\/\" \/>\n<meta property=\"og:locale\" content=\"fi_FI\" \/>\n<meta property=\"og:type\" content=\"article\" \/>\n<meta property=\"og:title\" content=\"Etusivu - Akupunktio Alfa\" \/>\n<meta property=\"og:description\" content=\"Hei, olen Sirkku.Tarjoan sinulle kiinalaisen l\u00e4\u00e4ketieteen hoitomuotoina akupunktiota, manuaalista k\u00e4sittely\u00e4 mm. akupainantaa, hierontaa ja refleksologiaa, kuivakuppausta, guashaa, tulineula- ja moxibustiohoitoja sek\u00e4 kiinalaisen l\u00e4\u00e4ketieteen mukaista ravinto- ja el\u00e4m\u00e4ntapaneuvontaa. Olen kouluttautunut lis\u00e4ksi motorisen akupunktion k\u00e4ytt\u00f6\u00f6n ja kosmeettiseen akupunktioon. Akupunktiota k\u00e4ytet\u00e4\u00e4n esimerkiksi ruuansulatuksen ongelmiin, unettomuuteen, v\u00e4symykseen, uupumukseen, erilaisiin p\u00e4\u00e4ns\u00e4rkyihin sek\u00e4 tuki- ja liikuntaelinten kiputiloihin sek\u00e4 erilaisiin naistenvaivoihin kuten [&hellip;]\" \/>\n<meta property=\"og:url\" content=\"https:\/\/akupunktioalfa.fi\/\" \/>\n<meta property=\"og:site_name\" content=\"Akupunktio Alfa\" \/>\n<meta property=\"article:publisher\" content=\"https:\/\/www.facebook.com\/profile.php?id=61568222129662\" \/>\n<meta property=\"article:modified_time\" content=\"2025-10-29T19:48:31+00:00\" \/>\n<meta property=\"og:image\" content=\"https:\/\/akupunktioalfa.fi\/wp-content\/uploads\/2025\/02\/Laiturilla_cropped_1_3.jpg\" \/>\n\t<meta property=\"og:image:width\" content=\"1753\" \/>\n\t<meta property=\"og:image:height\" content=\"1366\" \/>\n\t<meta property=\"og:image:type\" content=\"image\/jpeg\" \/>\n<meta name=\"twitter:card\" content=\"summary_large_image\" \/>\n<meta name=\"twitter:label1\" content=\"Arvioitu lukuaika\" \/>\n\t<meta name=\"twitter:data1\" content=\"2 minuuttia\" \/>\n<script type=\"application\/ld+json\" class=\"yoast-schema-graph\">{\"@context\":\"https:\/\/schema.org\",\"@graph\":[{\"@type\":\"WebPage\",\"@id\":\"https:\/\/akupunktioalfa.fi\/\",\"url\":\"https:\/\/akupunktioalfa.fi\/\",\"name\":\"Etusivu - Akupunktio Alfa\",\"isPartOf\":{\"@id\":\"https:\/\/akupunktioalfa.fi\/#website\"},\"primaryImageOfPage\":{\"@id\":\"https:\/\/akupunktioalfa.fi\/#primaryimage\"},\"image\":{\"@id\":\"https:\/\/akupunktioalfa.fi\/#primaryimage\"},\"thumbnailUrl\":\"https:\/\/akupunktioalfa.fi\/wp-content\/uploads\/2025\/02\/Laiturilla_cropped_1_3.jpg\",\"datePublished\":\"2024-11-14T11:49:11+00:00\",\"dateModified\":\"2025-10-29T19:48:31+00:00\",\"breadcrumb\":{\"@id\":\"https:\/\/akupunktioalfa.fi\/#breadcrumb\"},\"inLanguage\":\"fi\",\"potentialAction\":[{\"@type\":\"ReadAction\",\"target\":[\"https:\/\/akupunktioalfa.fi\/\"]}]},{\"@type\":\"ImageObject\",\"inLanguage\":\"fi\",\"@id\":\"https:\/\/akupunktioalfa.fi\/#primaryimage\",\"url\":\"https:\/\/akupunktioalfa.fi\/wp-content\/uploads\/2025\/02\/Laiturilla_cropped_1_3.jpg\",\"contentUrl\":\"https:\/\/akupunktioalfa.fi\/wp-content\/uploads\/2025\/02\/Laiturilla_cropped_1_3.jpg\",\"width\":1753,\"height\":1366},{\"@type\":\"BreadcrumbList\",\"@id\":\"https:\/\/akupunktioalfa.fi\/#breadcrumb\",\"itemListElement\":[{\"@type\":\"ListItem\",\"position\":1,\"name\":\"Etusivu\",\"item\":\"https:\/\/akupunktioalfa.fi\/\"},{\"@type\":\"ListItem\",\"position\":2,\"name\":\"Etusivu\"}]},{\"@type\":\"WebSite\",\"@id\":\"https:\/\/akupunktioalfa.fi\/#website\",\"url\":\"https:\/\/akupunktioalfa.fi\/\",\"name\":\"Akupunktio Alfa\",\"description\":\"\",\"potentialAction\":[{\"@type\":\"SearchAction\",\"target\":{\"@type\":\"EntryPoint\",\"urlTemplate\":\"https:\/\/akupunktioalfa.fi\/?s={search_term_string}\"},\"query-input\":{\"@type\":\"PropertyValueSpecification\",\"valueRequired\":true,\"valueName\":\"search_term_string\"}}],\"inLanguage\":\"fi\"}]}<\/script>\n<!-- \/ Yoast SEO plugin. -->","yoast_head_json":{"title":"Etusivu - Akupunktio Alfa","robots":{"index":"index","follow":"follow","max-snippet":"max-snippet:-1","max-image-preview":"max-image-preview:large","max-video-preview":"max-video-preview:-1"},"canonical":"https:\/\/akupunktioalfa.fi\/","og_locale":"fi_FI","og_type":"article","og_title":"Etusivu - Akupunktio Alfa","og_description":"Hei, olen Sirkku.Tarjoan sinulle kiinalaisen l\u00e4\u00e4ketieteen hoitomuotoina akupunktiota, manuaalista k\u00e4sittely\u00e4 mm. akupainantaa, hierontaa ja refleksologiaa, kuivakuppausta, guashaa, tulineula- ja moxibustiohoitoja sek\u00e4 kiinalaisen l\u00e4\u00e4ketieteen mukaista ravinto- ja el\u00e4m\u00e4ntapaneuvontaa. Olen kouluttautunut lis\u00e4ksi motorisen akupunktion k\u00e4ytt\u00f6\u00f6n ja kosmeettiseen akupunktioon. Akupunktiota k\u00e4ytet\u00e4\u00e4n esimerkiksi ruuansulatuksen ongelmiin, unettomuuteen, v\u00e4symykseen, uupumukseen, erilaisiin p\u00e4\u00e4ns\u00e4rkyihin sek\u00e4 tuki- ja liikuntaelinten kiputiloihin sek\u00e4 erilaisiin naistenvaivoihin kuten [&hellip;]","og_url":"https:\/\/akupunktioalfa.fi\/","og_site_name":"Akupunktio Alfa","article_publisher":"https:\/\/www.facebook.com\/profile.php?id=61568222129662","article_modified_time":"2025-10-29T19:48:31+00:00","og_image":[{"width":1753,"height":1366,"url":"https:\/\/akupunktioalfa.fi\/wp-content\/uploads\/2025\/02\/Laiturilla_cropped_1_3.jpg","type":"image\/jpeg"}],"twitter_card":"summary_large_image","twitter_misc":{"Arvioitu lukuaika":"2 minuuttia"},"schema":{"@context":"https:\/\/schema.org","@graph":[{"@type":"WebPage","@id":"https:\/\/akupunktioalfa.fi\/","url":"https:\/\/akupunktioalfa.fi\/","name":"Etusivu - Akupunktio Alfa","isPartOf":{"@id":"https:\/\/akupunktioalfa.fi\/#website"},"primaryImageOfPage":{"@id":"https:\/\/akupunktioalfa.fi\/#primaryimage"},"image":{"@id":"https:\/\/akupunktioalfa.fi\/#primaryimage"},"thumbnailUrl":"https:\/\/akupunktioalfa.fi\/wp-content\/uploads\/2025\/02\/Laiturilla_cropped_1_3.jpg","datePublished":"2024-11-14T11:49:11+00:00","dateModified":"2025-10-29T19:48:31+00:00","breadcrumb":{"@id":"https:\/\/akupunktioalfa.fi\/#breadcrumb"},"inLanguage":"fi","potentialAction":[{"@type":"ReadAction","target":["https:\/\/akupunktioalfa.fi\/"]}]},{"@type":"ImageObject","inLanguage":"fi","@id":"https:\/\/akupunktioalfa.fi\/#primaryimage","url":"https:\/\/akupunktioalfa.fi\/wp-content\/uploads\/2025\/02\/Laiturilla_cropped_1_3.jpg","contentUrl":"https:\/\/akupunktioalfa.fi\/wp-content\/uploads\/2025\/02\/Laiturilla_cropped_1_3.jpg","width":1753,"height":1366},{"@type":"BreadcrumbList","@id":"https:\/\/akupunktioalfa.fi\/#breadcrumb","itemListElement":[{"@type":"ListItem","position":1,"name":"Etusivu","item":"https:\/\/akupunktioalfa.fi\/"},{"@type":"ListItem","position":2,"name":"Etusivu"}]},{"@type":"WebSite","@id":"https:\/\/akupunktioalfa.fi\/#website","url":"https:\/\/akupunktioalfa.fi\/","name":"Akupunktio Alfa","description":"","potentialAction":[{"@type":"SearchAction","target":{"@type":"EntryPoint","urlTemplate":"https:\/\/akupunktioalfa.fi\/?s={search_term_string}"},"query-input":{"@type":"PropertyValueSpecification","valueRequired":true,"valueName":"search_term_string"}}],"inLanguage":"fi"}]}},"_links":{"self":[{"href":"https:\/\/akupunktioalfa.fi\/index.php\/wp-json\/wp\/v2\/pages\/24","targetHints":{"allow":["GET"]}}],"collection":[{"href":"https:\/\/akupunktioalfa.fi\/index.php\/wp-json\/wp\/v2\/pages"}],"about":[{"href":"https:\/\/akupunktioalfa.fi\/index.php\/wp-json\/wp\/v2\/types\/page"}],"author":[{"embeddable":true,"href":"https:\/\/akupunktioalfa.fi\/index.php\/wp-json\/wp\/v2\/users\/1"}],"replies":[{"embeddable":true,"href":"https:\/\/akupunktioalfa.fi\/index.php\/wp-json\/wp\/v2\/comments?post=24"}],"version-history":[{"count":202,"href":"https:\/\/akupunktioalfa.fi\/index.php\/wp-json\/wp\/v2\/pages\/24\/revisions"}],"predecessor-version":[{"id":808,"href":"https:\/\/akupunktioalfa.fi\/index.php\/wp-json\/wp\/v2\/pages\/24\/revisions\/808"}],"wp:attachment":[{"href":"https:\/\/akupunktioalfa.fi\/index.php\/wp-json\/wp\/v2\/media?parent=24"}],"curies":[{"name":"wp","href":"https:\/\/api.w.org\/{rel}","templated":true}]}}