{"id":51,"date":"2024-11-14T15:05:59","date_gmt":"2024-11-14T12:05:59","guid":{"rendered":"https:\/\/akupunktioalfa.fi\/?page_id=51"},"modified":"2025-10-29T22:45:37","modified_gmt":"2025-10-29T19:45:37","slug":"akupunktio-alfan-tarina","status":"publish","type":"page","link":"https:\/\/akupunktioalfa.fi\/index.php\/akupunktio-alfan-tarina\/","title":{"rendered":"Akupunktio Alfan tarina"},"content":{"rendered":"\t\t<div data-elementor-type=\"wp-page\" data-elementor-id=\"51\" class=\"elementor elementor-51\" data-elementor-post-type=\"page\">\n\t\t\t\t<div class=\"elementor-element elementor-element-247f84b e-flex e-con-boxed e-con e-parent\" data-id=\"247f84b\" data-element_type=\"container\" data-e-type=\"container\" data-settings=\"{&quot;shape_divider_top&quot;:&quot;mountains&quot;}\">\n\t\t\t\t\t<div class=\"e-con-inner\">\n\t\t\t\t<div class=\"elementor-shape elementor-shape-top\" aria-hidden=\"true\" data-negative=\"false\">\n\t\t\t<svg xmlns=\"http:\/\/www.w3.org\/2000\/svg\" viewBox=\"0 0 1000 100\" preserveAspectRatio=\"none\">\n\t<path class=\"elementor-shape-fill\" opacity=\"0.33\" d=\"M473,67.3c-203.9,88.3-263.1-34-320.3,0C66,119.1,0,59.7,0,59.7V0h1000v59.7 c0,0-62.1,26.1-94.9,29.3c-32.8,3.3-62.8-12.3-75.8-22.1C806,49.6,745.3,8.7,694.9,4.7S492.4,59,473,67.3z\"\/>\n\t<path class=\"elementor-shape-fill\" opacity=\"0.66\" d=\"M734,67.3c-45.5,0-77.2-23.2-129.1-39.1c-28.6-8.7-150.3-10.1-254,39.1 s-91.7-34.4-149.2,0C115.7,118.3,0,39.8,0,39.8V0h1000v36.5c0,0-28.2-18.5-92.1-18.5C810.2,18.1,775.7,67.3,734,67.3z\"\/>\n\t<path class=\"elementor-shape-fill\" d=\"M766.1,28.9c-200-57.5-266,65.5-395.1,19.5C242,1.8,242,5.4,184.8,20.6C128,35.8,132.3,44.9,89.9,52.5C28.6,63.7,0,0,0,0 h1000c0,0-9.9,40.9-83.6,48.1S829.6,47,766.1,28.9z\"\/>\n<\/svg>\t\t<\/div>\n\t\t\t\t<div class=\"elementor-element elementor-element-409b682 elementor-hidden-mobile elementor-widget elementor-widget-spacer\" data-id=\"409b682\" data-element_type=\"widget\" data-e-type=\"widget\" data-widget_type=\"spacer.default\">\n\t\t\t\t<div class=\"elementor-widget-container\">\n\t\t\t\t\t\t\t<div class=\"elementor-spacer\">\n\t\t\t<div class=\"elementor-spacer-inner\"><\/div>\n\t\t<\/div>\n\t\t\t\t\t\t<\/div>\n\t\t\t\t<\/div>\n\t\t\t\t\t<\/div>\n\t\t\t\t<\/div>\n\t\t<div class=\"elementor-element elementor-element-1765909 e-grid e-con-boxed e-con e-parent\" data-id=\"1765909\" data-element_type=\"container\" data-e-type=\"container\">\n\t\t\t\t\t<div class=\"e-con-inner\">\n\t\t\t\t<div class=\"elementor-element elementor-element-ea51d9c elementor-widget elementor-widget-text-editor\" data-id=\"ea51d9c\" data-element_type=\"widget\" data-e-type=\"widget\" data-widget_type=\"text-editor.default\">\n\t\t\t\t<div class=\"elementor-widget-container\">\n\t\t\t\t\t\t\t\t\t<p><strong>Akupunktio Alfan tarina<\/strong><\/p><p>Akupunktio Alfa on perustettu halusta tehd\u00e4 hoitoty\u00f6t\u00e4 asiakasl\u00e4ht\u00f6isesti, l\u00e4mm\u00f6ll\u00e4 ja yksil\u00f6llisyytt\u00e4 korostaen. Minulle on t\u00e4rke\u00e4\u00e4, ett\u00e4 jokainen asiakas kokee tulleensa aidosti kohdatuksi. Jokaisen asiakkaan tuntemukset ovat ainutlaatuisia ja jokaisen kokemusmaailma on erilainen.<\/p><p>Miss\u00e4\u00e4n asiassa ei ole yht\u00e4 ainoaa oikeaa tapaa tai yht\u00e4 ainoaa hoitomuotoa. Asioita tulee l\u00e4hesty\u00e4 avoimin mielin ja herk\u00e4ll\u00e4 korvalla. T\u00e4h\u00e4n pyrin vastaanotollani joka p\u00e4iv\u00e4.<\/p><p>Kuulen tuntemuksesi, monesti aistin ne, vaikka et \u00e4\u00e4neen niit\u00e4 sanoisikaan ja pyrin l\u00f6yt\u00e4m\u00e4\u00e4n oikeat keinot asioiden sanoittamiseen, avaamiseen ja ymm\u00e4rt\u00e4miseen. Haluan olla helposti l\u00e4hestytt\u00e4v\u00e4 ja sinulle aidosti l\u00e4sn\u00e4. Ei ole kysymyst\u00e4 tai asiaa, jota et minulle voisi esitt\u00e4\u00e4. Vastaanotollani uskon tiedon ja ymm\u00e4rryksen voimaan; asiakas tuntee itsens\u00e4 ja min\u00e4 tekem\u00e4ni ty\u00f6n, n\u00e4m\u00e4 kaksi yhdist\u00e4m\u00e4ll\u00e4 saavutamme ymm\u00e4rryksen, jonka avulla asioita on hyv\u00e4 l\u00e4hesty\u00e4.<\/p><p>Aina se ei ole helppoa, mutta usein se on kehitt\u00e4v\u00e4\u00e4 ja palkitsevaa.<\/p><p>En piiloudu ammattinimikkeen taakse vaan sinua vastassa on terveydenhuollon ammattilainen sek\u00e4 akupunktion ja perinteisen kiinalaisen l\u00e4\u00e4ketieteen asiantuntija, jolla sattuu olemaan my\u00f6s aika paljon tietoa omaan alaansa liittyen. Ja t\u00e4m\u00e4 kaikki tieto on my\u00f6s sinun k\u00e4ytett\u00e4viss\u00e4si.<\/p><p>Olet l\u00e4mpim\u00e4sti tervetullut vastaanotolleni.<\/p><p><em>Sirkku Murtonen<\/em><br \/><em>Akupunktio Alfan akupunktiohoitaja<\/em><\/p>\t\t\t\t\t\t\t\t<\/div>\n\t\t\t\t<\/div>\n\t\t\t\t<div class=\"elementor-element elementor-element-7df8ab7 elementor-widget elementor-widget-text-editor\" data-id=\"7df8ab7\" data-element_type=\"widget\" data-e-type=\"widget\" data-widget_type=\"text-editor.default\">\n\t\t\t\t<div class=\"elementor-widget-container\">\n\t\t\t\t\t\t\t\t\t<p><span style=\"text-decoration: underline;\"><strong>Koulutus<\/strong><\/span><\/p><p>Minulla on sosiaali- ja terveysalan tutkintona ensihoitajan\/sairaanhoitajan tutkinto ja olen Valviran rekister\u00f6ity terveydenhuollon ammattihenkil\u00f6 sek\u00e4 koulutettu akupunktiohoitaja ja perinteisen kiinalaisen l\u00e4\u00e4ketieteen asiantuntija. Omat kokemukseni vaihtoehtoisista hoitomuodoista saivat minut kouluttautumaan niiden osaajaksi. Olen k\u00e4ytt\u00e4nyt akupunktiota l\u00e4nsimaisen l\u00e4\u00e4ketieteen rinnalla koko aikuisik\u00e4ni.<\/p><p>Minulla on vahva osaaminen ja pitk\u00e4 ty\u00f6kokemus terveydenhuollon palveluista, joissa olen ty\u00f6skennellyt jo l\u00e4hes kaksi vuosikymment\u00e4 akuuttihoitoty\u00f6painotteisesti. Perinteisen kiinalaisen l\u00e4\u00e4ketieteen (TCM) ja akupunktion 3,5 vuotiset opintoni suoritin <span style=\"text-decoration: underline;\"><em>Kiinalaisen L\u00e4\u00e4ketieteen Akatemiassa<\/em><\/span>, josta valmistuin akupunktiohoitajaksi kes\u00e4kuussa 2024. T\u00e4m\u00e4n lis\u00e4ksi olen kouluttautunut motorisen akupunktion k\u00e4ytt\u00f6\u00f6n ja kosmeettiseen akupunktioon. Kiinalaisen l\u00e4\u00e4ketieteen opinnot kest\u00e4v\u00e4t l\u00e4pi el\u00e4m\u00e4n.<\/p><p>L\u00e4hivastaanottoni akupunktiota varten sijaitsee Lahden keskustassa Arte osteopatian tiloissa sek\u00e4 etel\u00e4isess\u00e4 Lahdessa Launeella.<\/p><p><span style=\"text-decoration: underline;\"><strong>Kiinalaisen l\u00e4\u00e4ketieteen lis\u00e4koulutukset<\/strong><\/span><\/p><p>Motorinen Akupunktio (Ortopedinen akupunktio), 22 H, 5\/2023<br \/>Kouluttajana Juho Sammalkorpi<\/p><p>Tulineulaus, 10 H, 9\/2023<br \/>Kouluttajina Ann Rose ja Nina Haavisto<\/p><p>Tulineulaus jatkokurssi, 8 H, 6\/2024<br \/>Kouluttajana Eili Gray\u00a0<\/p><p>Kosmeettinen akupunktio, 8 H, 11\/2024<br \/>Kouluttajana Pauliina Reunanen<\/p>\t\t\t\t\t\t\t\t<\/div>\n\t\t\t\t<\/div>\n\t\t\t\t\t<\/div>\n\t\t\t\t<\/div>\n\t\t<div class=\"elementor-element elementor-element-aff0ec1 e-flex e-con-boxed e-con e-parent\" data-id=\"aff0ec1\" data-element_type=\"container\" data-e-type=\"container\">\n\t\t\t\t\t<div class=\"e-con-inner\">\n\t\t\t\t<div class=\"elementor-element elementor-element-fa09ff1 elementor-widget__width-auto elementor-mobile-align-center elementor-align-center elementor-hidden-desktop elementor-hidden-tablet elementor-widget elementor-widget-button\" data-id=\"fa09ff1\" data-element_type=\"widget\" data-e-type=\"widget\" data-widget_type=\"button.default\">\n\t\t\t\t<div class=\"elementor-widget-container\">\n\t\t\t\t\t\t\t\t\t<div class=\"elementor-button-wrapper\">\n\t\t\t\t\t<a class=\"elementor-button elementor-button-link elementor-size-sm\" href=\"https:\/\/pro.vello.fi\/akupunktio-alfa\/service-category\">\n\t\t\t\t\t\t<span class=\"elementor-button-content-wrapper\">\n\t\t\t\t\t\t\t\t\t<span class=\"elementor-button-text\">VARAA AIKA<\/span>\n\t\t\t\t\t<\/span>\n\t\t\t\t\t<\/a>\n\t\t\t\t<\/div>\n\t\t\t\t\t\t\t\t<\/div>\n\t\t\t\t<\/div>\n\t\t\t\t\t<\/div>\n\t\t\t\t<\/div>\n\t\t\t\t<\/div>\n\t\t","protected":false},"excerpt":{"rendered":"<p>Akupunktio Alfan tarina Akupunktio Alfa on perustettu halusta tehd\u00e4 hoitoty\u00f6t\u00e4 asiakasl\u00e4ht\u00f6isesti, l\u00e4mm\u00f6ll\u00e4 ja yksil\u00f6llisyytt\u00e4 korostaen. Minulle on t\u00e4rke\u00e4\u00e4, ett\u00e4 jokainen asiakas kokee tulleensa aidosti kohdatuksi. Jokaisen asiakkaan tuntemukset ovat ainutlaatuisia ja jokaisen kokemusmaailma on erilainen. Miss\u00e4\u00e4n asiassa ei ole yht\u00e4 ainoaa oikeaa tapaa tai yht\u00e4 ainoaa hoitomuotoa. Asioita tulee l\u00e4hesty\u00e4 avoimin mielin ja herk\u00e4ll\u00e4 korvalla. [&hellip;]<\/p>\n","protected":false},"author":1,"featured_media":0,"parent":0,"menu_order":0,"comment_status":"closed","ping_status":"closed","template":"elementor_header_footer","meta":{"footnotes":""},"class_list":["post-51","page","type-page","status-publish","hentry"],"yoast_head":"<!-- This site is optimized with the Yoast SEO plugin v26.2 - https:\/\/yoast.com\/wordpress\/plugins\/seo\/ -->\n<title>Akupunktio Alfan tarina - Akupunktio Alfa<\/title>\n<meta name=\"robots\" content=\"index, follow, max-snippet:-1, max-image-preview:large, max-video-preview:-1\" \/>\n<link rel=\"canonical\" href=\"https:\/\/akupunktioalfa.fi\/index.php\/akupunktio-alfan-tarina\/\" \/>\n<meta property=\"og:locale\" content=\"fi_FI\" \/>\n<meta property=\"og:type\" content=\"article\" \/>\n<meta property=\"og:title\" content=\"Akupunktio Alfan tarina - Akupunktio Alfa\" \/>\n<meta property=\"og:description\" content=\"Akupunktio Alfan tarina Akupunktio Alfa on perustettu halusta tehd\u00e4 hoitoty\u00f6t\u00e4 asiakasl\u00e4ht\u00f6isesti, l\u00e4mm\u00f6ll\u00e4 ja yksil\u00f6llisyytt\u00e4 korostaen. Minulle on t\u00e4rke\u00e4\u00e4, ett\u00e4 jokainen asiakas kokee tulleensa aidosti kohdatuksi. Jokaisen asiakkaan tuntemukset ovat ainutlaatuisia ja jokaisen kokemusmaailma on erilainen. Miss\u00e4\u00e4n asiassa ei ole yht\u00e4 ainoaa oikeaa tapaa tai yht\u00e4 ainoaa hoitomuotoa. Asioita tulee l\u00e4hesty\u00e4 avoimin mielin ja herk\u00e4ll\u00e4 korvalla. [&hellip;]\" \/>\n<meta property=\"og:url\" content=\"https:\/\/akupunktioalfa.fi\/index.php\/akupunktio-alfan-tarina\/\" \/>\n<meta property=\"og:site_name\" content=\"Akupunktio Alfa\" \/>\n<meta property=\"article:publisher\" content=\"https:\/\/www.facebook.com\/profile.php?id=61568222129662\" \/>\n<meta property=\"article:modified_time\" content=\"2025-10-29T19:45:37+00:00\" \/>\n<meta name=\"twitter:card\" content=\"summary_large_image\" \/>\n<meta name=\"twitter:label1\" content=\"Arvioitu lukuaika\" \/>\n\t<meta name=\"twitter:data1\" content=\"2 minuuttia\" \/>\n<script type=\"application\/ld+json\" class=\"yoast-schema-graph\">{\"@context\":\"https:\/\/schema.org\",\"@graph\":[{\"@type\":\"WebPage\",\"@id\":\"https:\/\/akupunktioalfa.fi\/index.php\/akupunktio-alfan-tarina\/\",\"url\":\"https:\/\/akupunktioalfa.fi\/index.php\/akupunktio-alfan-tarina\/\",\"name\":\"Akupunktio Alfan tarina - Akupunktio Alfa\",\"isPartOf\":{\"@id\":\"https:\/\/akupunktioalfa.fi\/#website\"},\"datePublished\":\"2024-11-14T12:05:59+00:00\",\"dateModified\":\"2025-10-29T19:45:37+00:00\",\"breadcrumb\":{\"@id\":\"https:\/\/akupunktioalfa.fi\/index.php\/akupunktio-alfan-tarina\/#breadcrumb\"},\"inLanguage\":\"fi\",\"potentialAction\":[{\"@type\":\"ReadAction\",\"target\":[\"https:\/\/akupunktioalfa.fi\/index.php\/akupunktio-alfan-tarina\/\"]}]},{\"@type\":\"BreadcrumbList\",\"@id\":\"https:\/\/akupunktioalfa.fi\/index.php\/akupunktio-alfan-tarina\/#breadcrumb\",\"itemListElement\":[{\"@type\":\"ListItem\",\"position\":1,\"name\":\"Etusivu\",\"item\":\"https:\/\/akupunktioalfa.fi\/\"},{\"@type\":\"ListItem\",\"position\":2,\"name\":\"Akupunktio Alfan tarina\"}]},{\"@type\":\"WebSite\",\"@id\":\"https:\/\/akupunktioalfa.fi\/#website\",\"url\":\"https:\/\/akupunktioalfa.fi\/\",\"name\":\"Akupunktio Alfa\",\"description\":\"\",\"potentialAction\":[{\"@type\":\"SearchAction\",\"target\":{\"@type\":\"EntryPoint\",\"urlTemplate\":\"https:\/\/akupunktioalfa.fi\/?s={search_term_string}\"},\"query-input\":{\"@type\":\"PropertyValueSpecification\",\"valueRequired\":true,\"valueName\":\"search_term_string\"}}],\"inLanguage\":\"fi\"}]}<\/script>\n<!-- \/ Yoast SEO plugin. -->","yoast_head_json":{"title":"Akupunktio Alfan tarina - Akupunktio Alfa","robots":{"index":"index","follow":"follow","max-snippet":"max-snippet:-1","max-image-preview":"max-image-preview:large","max-video-preview":"max-video-preview:-1"},"canonical":"https:\/\/akupunktioalfa.fi\/index.php\/akupunktio-alfan-tarina\/","og_locale":"fi_FI","og_type":"article","og_title":"Akupunktio Alfan tarina - Akupunktio Alfa","og_description":"Akupunktio Alfan tarina Akupunktio Alfa on perustettu halusta tehd\u00e4 hoitoty\u00f6t\u00e4 asiakasl\u00e4ht\u00f6isesti, l\u00e4mm\u00f6ll\u00e4 ja yksil\u00f6llisyytt\u00e4 korostaen. Minulle on t\u00e4rke\u00e4\u00e4, ett\u00e4 jokainen asiakas kokee tulleensa aidosti kohdatuksi. Jokaisen asiakkaan tuntemukset ovat ainutlaatuisia ja jokaisen kokemusmaailma on erilainen. Miss\u00e4\u00e4n asiassa ei ole yht\u00e4 ainoaa oikeaa tapaa tai yht\u00e4 ainoaa hoitomuotoa. Asioita tulee l\u00e4hesty\u00e4 avoimin mielin ja herk\u00e4ll\u00e4 korvalla. [&hellip;]","og_url":"https:\/\/akupunktioalfa.fi\/index.php\/akupunktio-alfan-tarina\/","og_site_name":"Akupunktio Alfa","article_publisher":"https:\/\/www.facebook.com\/profile.php?id=61568222129662","article_modified_time":"2025-10-29T19:45:37+00:00","twitter_card":"summary_large_image","twitter_misc":{"Arvioitu lukuaika":"2 minuuttia"},"schema":{"@context":"https:\/\/schema.org","@graph":[{"@type":"WebPage","@id":"https:\/\/akupunktioalfa.fi\/index.php\/akupunktio-alfan-tarina\/","url":"https:\/\/akupunktioalfa.fi\/index.php\/akupunktio-alfan-tarina\/","name":"Akupunktio Alfan tarina - Akupunktio Alfa","isPartOf":{"@id":"https:\/\/akupunktioalfa.fi\/#website"},"datePublished":"2024-11-14T12:05:59+00:00","dateModified":"2025-10-29T19:45:37+00:00","breadcrumb":{"@id":"https:\/\/akupunktioalfa.fi\/index.php\/akupunktio-alfan-tarina\/#breadcrumb"},"inLanguage":"fi","potentialAction":[{"@type":"ReadAction","target":["https:\/\/akupunktioalfa.fi\/index.php\/akupunktio-alfan-tarina\/"]}]},{"@type":"BreadcrumbList","@id":"https:\/\/akupunktioalfa.fi\/index.php\/akupunktio-alfan-tarina\/#breadcrumb","itemListElement":[{"@type":"ListItem","position":1,"name":"Etusivu","item":"https:\/\/akupunktioalfa.fi\/"},{"@type":"ListItem","position":2,"name":"Akupunktio Alfan tarina"}]},{"@type":"WebSite","@id":"https:\/\/akupunktioalfa.fi\/#website","url":"https:\/\/akupunktioalfa.fi\/","name":"Akupunktio Alfa","description":"","potentialAction":[{"@type":"SearchAction","target":{"@type":"EntryPoint","urlTemplate":"https:\/\/akupunktioalfa.fi\/?s={search_term_string}"},"query-input":{"@type":"PropertyValueSpecification","valueRequired":true,"valueName":"search_term_string"}}],"inLanguage":"fi"}]}},"_links":{"self":[{"href":"https:\/\/akupunktioalfa.fi\/index.php\/wp-json\/wp\/v2\/pages\/51","targetHints":{"allow":["GET"]}}],"collection":[{"href":"https:\/\/akupunktioalfa.fi\/index.php\/wp-json\/wp\/v2\/pages"}],"about":[{"href":"https:\/\/akupunktioalfa.fi\/index.php\/wp-json\/wp\/v2\/types\/page"}],"author":[{"embeddable":true,"href":"https:\/\/akupunktioalfa.fi\/index.php\/wp-json\/wp\/v2\/users\/1"}],"replies":[{"embeddable":true,"href":"https:\/\/akupunktioalfa.fi\/index.php\/wp-json\/wp\/v2\/comments?post=51"}],"version-history":[{"count":67,"href":"https:\/\/akupunktioalfa.fi\/index.php\/wp-json\/wp\/v2\/pages\/51\/revisions"}],"predecessor-version":[{"id":799,"href":"https:\/\/akupunktioalfa.fi\/index.php\/wp-json\/wp\/v2\/pages\/51\/revisions\/799"}],"wp:attachment":[{"href":"https:\/\/akupunktioalfa.fi\/index.php\/wp-json\/wp\/v2\/media?parent=51"}],"curies":[{"name":"wp","href":"https:\/\/api.w.org\/{rel}","templated":true}]}}